{"id":1243,"date":"2024-12-13T12:52:59","date_gmt":"2024-12-13T12:52:59","guid":{"rendered":"https:\/\/divaks.com\/privacy-policy\/"},"modified":"2025-03-13T11:36:24","modified_gmt":"2025-03-13T11:36:24","slug":"datenschutzbestimmungen","status":"publish","type":"page","link":"https:\/\/divaks.com\/de\/datenschutzbestimmungen\/","title":{"rendered":"Datenschutzbestimmungen"},"content":{"rendered":"<p>Zuletzt aktualisiert: 18. Februar 2025<\/p>\n<p>Diese Datenschutz- und Cookie-Richtlinie (die \u201eDatenschutzrichtlinie\u201c) beantwortet die wichtigsten Fragen, die Sie m\u00f6glicherweise dazu haben, wie wir Informationen \u00fcber Sie (die \u201eSie\u201c) sammeln, verwenden und speichern. Au\u00dferdem erl\u00e4utern wir Ihre Rechte in Bezug auf die personenbezogenen Daten, die Sie uns zur Verf\u00fcgung stellen. Dies ist wichtig f\u00fcr Sie &#8211; bitte lesen Sie diese Datenschutzrichtlinie sorgf\u00e4ltig durch.<\/p>\n<p>Diese Datenschutzrichtlinie gilt f\u00fcr die Nutzung der Website www.divaks.com und die von uns verkauften Waren sowie die von uns erbrachten Dienstleistungen (die \u201eDienstleistungen\u201c).<\/p>\n<h3><strong>Wer sind wir?<\/strong><\/h3>\n<p>Der f\u00fcr die Datenverarbeitung Verantwortliche ist Divaks Food, UAB, juristische Person, Code 306620317, Postanschrift Vinco Kudirkos g. 22-12, LT-01113 Vilnius, Republik Litauen, E-Mail-Adresse info@divaks.com (das \u201ewir\u201c oder \u201euns\u201c).<\/p>\n<h3><strong>Wie verarbeiten wir Ihre Daten?\u00a0<\/strong><\/h3>\n<p>Wir verarbeiten Ihre personenbezogenen Daten aus verschiedenen Gr\u00fcnden, je nachdem, wie Sie mit unseren Diensten interagieren, unter anderem:<\/p>\n<ul>\n<li>Zur Bereitstellung von Produkten\/Dienstleistungen und zur Verwaltung von Zahlungen: (i) zur Bereitstellung und Erleichterung der Bereitstellung von Diensten f\u00fcr Sie; (ii) zur Erf\u00fcllung und Verwaltung Ihrer Bestellungen.<\/li>\n<li>F\u00fcr Direktmarketingzwecke: um Ihnen Marketing- und Werbemitteilungen zuzusenden.<\/li>\n<li>F\u00fcr allgemeine Statistiken: um die Attraktivit\u00e4t von Produkten zu bewerten. Zu diesem Zweck werden wir nur aggregierte personenbezogene Daten verarbeiten.<\/li>\n<\/ul>\n<h3><strong>Welche Informationen erfassen wir?\u00a0<\/strong><\/h3>\n<p>Wir erfassen personenbezogene Daten, die Sie uns freiwillig zur Verf\u00fcgung stellen, wenn Sie sich bei den Diensten registrieren, wenn Sie Ihr Interesse an Informationen \u00fcber uns oder unsere Produkte und Dienste bekunden, wenn Sie an Aktivit\u00e4ten in den Diensten teilnehmen oder wenn Sie uns anderweitig kontaktieren. Wir k\u00f6nnen Ihre personenbezogenen Daten auch \u00fcber Cookies auf unserer Website sowie von anderen Dienstleistern und unseren Gesch\u00e4ftspartnern erhalten.<\/p>\n<p>Zu den von uns gesammelten personenbezogenen Daten k\u00f6nnen die folgenden geh\u00f6ren:<\/p>\n<ul>\n<li>Benutzerdaten: Vorname, Nachname, E-Mail-Adresse, Telefonnummer, Wohnsitzadresse.<\/li>\n<li>Zahlungsdaten: elektronische Bankdaten (Name der Bank usw.), Bestell-\/Abholadresse, Bestell-\/Abholtelefon, Bestell-\/Abhol-E-Mail-Adresse.<\/li>\n<li>Ger\u00e4tedaten: Ger\u00e4tetyp (Telefon, Computer, Tablet usw.), Ger\u00e4tename\/Modell\/OS\/Browser, Ger\u00e4te-ID oder andere Nummer, IP-Adresse.<\/li>\n<li>Browser-Details: Browser- oder Suchverlauf, Browser-Interaktionen\/Klicks (auch auf Werbung), Browser-Verbindungsquelle (von welcher Seite sie kam), Browser-Anfragen oder andere Informationen und Browser-Statistiken.<\/li>\n<li>Angaben zu sozialen Netzwerken: Name, Nachname oder Profil des sozialen Netzwerks, E-Mail-Adresse, Telefonnummer, IP-Adresse, Ger\u00e4tedaten, Interaktionen mit einer Anzeige.<\/li>\n<li>Andere: anonyme demografische Daten (Alter, Geschlecht und aggregierte Interessen), Analyse des Nutzerverhaltens auf der Website und Vorhersagen zur Kaufabsicht (z. B. wie oft Sie bestimmte Seiten besuchen).<\/li>\n<\/ul>\n<p>Personenbezogene Daten werden nicht durch automatisierte Entscheidungsfindung, einschlie\u00dflich Profiling, verarbeitet.<\/p>\n<h3><strong>Auf welche Rechtsgrundlage st\u00fctzen wir uns bei der Verarbeitung Ihrer Daten?<\/strong><\/h3>\n<p>Wir verarbeiten Ihre personenbezogenen Daten nur, wenn wir glauben, dass dies notwendig ist und wir eine g\u00fcltige Rechtsgrundlage haben. Als solche k\u00f6nnen wir uns auf Folgendes st\u00fctzen:<\/p>\n<ul>\n<li>Wir k\u00f6nnen Ihre Daten verarbeiten, wenn Sie uns die Erlaubnis (d. h. Ihre Zustimmung) gegeben haben, Ihre personenbezogenen Daten f\u00fcr einen bestimmten Zweck (z. B. Direktmarketing) zu verwenden. Sie k\u00f6nnen Ihre Einwilligung jederzeit widerrufen.<\/li>\n<li>Erf\u00fcllung eines Vertrags. Wir k\u00f6nnen Ihre personenbezogenen Daten verarbeiten, wenn wir der Meinung sind, dass dies notwendig ist, um unsere vertraglichen Verpflichtungen Ihnen gegen\u00fcber zu erf\u00fcllen, einschlie\u00dflich der Erbringung unserer Dienstleistungen oder auf Ihren Wunsch hin, bevor wir einen Vertrag mit Ihnen schlie\u00dfen.<\/li>\n<li>Gesetzliche Verpflichtungen. Wir k\u00f6nnen Ihre Daten verarbeiten, wenn wir der Meinung sind, dass dies zur Erf\u00fcllung unserer gesetzlichen Verpflichtungen notwendig ist, z. B. um mit einer Strafverfolgungsbeh\u00f6rde oder einer Aufsichtsbeh\u00f6rde zusammenzuarbeiten, unsere gesetzlichen Rechte auszu\u00fcben oder zu verteidigen oder Ihre Daten als Beweismittel in einem Rechtsstreit, an dem wir beteiligt sind, offenzulegen.<\/li>\n<li>Berechtigte Interessen. Wir k\u00f6nnen Ihre Daten verarbeiten, wenn wir der Ansicht sind, dass dies zur Verwirklichung unserer legitimen Gesch\u00e4ftsinteressen erforderlich ist und diese Interessen Ihre Interessen und Grundrechte und -freiheiten nicht \u00fcberwiegen.<\/li>\n<\/ul>\n<h3><strong>Wie lange bewahren wir Ihre Daten auf?<\/strong><\/h3>\n<p>Wir bewahren Ihre personenbezogenen Daten nur so lange auf, wie es f\u00fcr die in dieser Datenschutzerkl\u00e4rung genannten Zwecke erforderlich ist, es sei denn, eine l\u00e4ngere Aufbewahrungsfrist ist gesetzlich vorgeschrieben oder zul\u00e4ssig (z. B. aus steuerlichen, buchhalterischen oder anderen rechtlichen Gr\u00fcnden).<\/p>\n<p>Ihre personenbezogenen Daten werden unter Ber\u00fccksichtigung des Zwecks der Datenverarbeitung gespeichert:<\/p>\n<ul>\n<li>Zum Zweck der Bereitstellung von Produkten\/Dienstleistungen, Verwaltung von Zahlungen &#8211; 10 (zehn) Jahre speichern (nach Vertragsabschluss).<\/li>\n<li>Zu Zwecken des Direktmarketings &#8211; Aufbewahrung nicht l\u00e4nger als 2 (zwei) Jahre ab dem Datum des Erhalts der erhaltenen Zustimmung oder bis die Zustimmung zur\u00fcckgezogen wird.<\/li>\n<li>F\u00fcr allgemeine Statistiken &#8211; Aufbewahrung nicht l\u00e4nger als 5 (f\u00fcnf) Jahre ab Erhalt der bestimmten aggregierten Daten.<\/li>\n<\/ul>\n<h3><strong>Wann und an wen geben wir Ihre personenbezogenen Daten weiter?\u00a0<\/strong><\/h3>\n<p>Es kann sein, dass wir Ihre personenbezogenen Daten f\u00fcr diese Zwecke weitergeben m\u00fcssen:<\/p>\n<ul>\n<li>F\u00fcr Dienstleister und unsere anderen Gesch\u00e4ftspartner. In F\u00e4llen, in denen wir auf andere Dienstleister wie IT-Dienstleister, Marketingunternehmen usw. zur\u00fcckgreifen m\u00fcssen.<\/li>\n<li>F\u00fcr Aufsichts- oder Strafverfolgungsbeh\u00f6rden. In F\u00e4llen, in denen wir gesetzlich dazu verpflichtet sind oder wenn Beh\u00f6rden legitime Anfragen stellen.<\/li>\n<\/ul>\n<p>Beachten Sie, dass Ihre personenbezogenen Daten nicht au\u00dferhalb des EWR \u00fcbertragen werden (au\u00dfer in F\u00e4llen, in denen Dienste von Drittanbietern genutzt werden, z. B. Google, Meta. Im Falle einer solchen \u00dcbermittlung personenbezogener Daten stellen wir sicher, dass die \u00dcbermittlung personenbezogener Daten in \u00dcbereinstimmung mit den Anforderungen der Datenschutz-Grundverordnung erfolgt).<\/p>\n<h3><strong>Verwenden wir Cookies?\u00a0<\/strong><\/h3>\n<p>Ja, wir verwenden die folgenden Cookies:<\/p>\n<ul>\n<li>Unverzichtbare Cookies. Diese sind unbedingt erforderlich, um sicherzustellen, dass wir Ihnen den Service bieten k\u00f6nnen, den Sie von uns erwarten. Wir ben\u00f6tigen Ihre Zustimmung nicht, um solche essentiellen Cookies zu verwenden, aber Sie k\u00f6nnen sie trotzdem blockieren oder l\u00f6schen.<\/li>\n<li>Funktionale Cookies. Diese Cookies erm\u00f6glichen es der Website, eine verbesserte Funktionalit\u00e4t und Personalisierung zu bieten. Sie k\u00f6nnen von uns oder von Drittanbietern gesetzt werden, deren Dienste wir unseren Seiten hinzugef\u00fcgt haben. Wenn Sie diese Cookies nicht zulassen, kann es sein, dass einige oder alle dieser Dienste nicht richtig funktionieren.<\/li>\n<li>Analytische Cookies. Diese Cookies erm\u00f6glichen es uns, Besuche und Verkehrsquellen zu z\u00e4hlen, damit wir die Leistung unserer Website messen und verbessern k\u00f6nnen. Sie helfen uns zu wissen, welche Seiten am beliebtesten und am unbeliebtesten sind und wie sich die Besucher auf der Website bewegen.<\/li>\n<li>Zielgerichtete Cookies. Diese Cookies k\u00f6nnen \u00fcber unsere Website von unseren Werbepartnern gesetzt werden. Sie k\u00f6nnen von diesen Unternehmen verwendet werden, um ein Profil Ihrer Interessen zu erstellen und Ihnen relevante Werbung auf anderen Websites anzuzeigen.<\/li>\n<li>Cookies f\u00fcr soziale Medien. Diese Cookies werden von einer Reihe von Social-Media-Diensten gesetzt, die wir der Website hinzugef\u00fcgt haben, damit Sie unsere Inhalte mit Ihren Freunden und Netzwerken teilen k\u00f6nnen. Sie k\u00f6nnen Ihren Browser \u00fcber andere Websites hinweg verfolgen und ein Profil Ihrer Interessen erstellen. Dies kann sich auf die Inhalte und Nachrichten auswirken, die Sie auf anderen von Ihnen besuchten Websites sehen.<\/li>\n<\/ul>\n<h3><strong>Wie k\u00f6nnen Sie Cookies verwalten?\u00a0<\/strong><\/h3>\n<p>Sie k\u00f6nnen Ihren Browser so konfigurieren, dass er einige oder alle Cookies ablehnt oder Sie um Erlaubnis bittet, bevor er sie annimmt. Bitte beachten Sie, dass Sie durch das L\u00f6schen von Cookies oder die Deaktivierung k\u00fcnftiger Cookies m\u00f6glicherweise nicht auf bestimmte Bereiche oder Funktionen unserer Website zugreifen k\u00f6nnen. Informationen dar\u00fcber, wie Sie Ihre Browsereinstellungen anpassen oder \u00e4ndern k\u00f6nnen, finden Sie unter www.aboutcookies.org oder www.allaboutcookies.org.<\/p>\n<p>F\u00fcr Informationen, Richtlinien und Kontrollm\u00f6glichkeiten f\u00fcr Cookies von Drittanbietern lesen Sie bitte die Cookie-Richtlinien dieser Drittanbieter.<\/p>\n<h3><strong>Ihre Datenschutzrechte\u00a0<\/strong><\/h3>\n<p>Gem\u00e4\u00df GDPR und anderen nationalen Gesetzen haben Sie unter anderem folgende Rechte:<\/p>\n<ul>\n<li>Ihr Recht auf Zugang &#8211; Sie haben das Recht, uns um Kopien Ihrer personenbezogenen Daten zu bitten.<\/li>\n<li>Ihr Recht auf Berichtigung &#8211; Sie haben das Recht, uns aufzufordern, personenbezogene Daten zu berichtigen, die Ihrer Meinung nach unrichtig sind. Sie haben auch das Recht, uns um die Vervollst\u00e4ndigung von Informationen zu bitten, die Sie f\u00fcr unvollst\u00e4ndig halten.<\/li>\n<li>Ihr Recht auf L\u00f6schung &#8211; Sie haben das Recht, uns zu bitten, Ihre personenbezogenen Daten unter bestimmten Umst\u00e4nden zu l\u00f6schen.<\/li>\n<li>Ihr Recht auf Einschr\u00e4nkung der Verarbeitung &#8211; Sie haben das Recht, uns zu bitten, die Verarbeitung Ihrer personenbezogenen Daten unter bestimmten Umst\u00e4nden einzuschr\u00e4nken.<\/li>\n<li>Ihr Recht auf Widerspruch gegen die Verarbeitung &#8211; Sie haben das Recht, unter bestimmten Umst\u00e4nden Widerspruch gegen die Verarbeitung Ihrer personenbezogenen Daten einzulegen.<\/li>\n<li>Ihr Recht auf Daten\u00fcbertragbarkeit &#8211; Sie haben das Recht zu verlangen, dass wir Ihre personenbezogenen Daten unter bestimmten Umst\u00e4nden an eine andere Organisation oder an Sie weitergeben.<\/li>\n<li>Ihr Recht auf Beschwerde &#8211; Sie haben auch das Recht, bei der zust\u00e4ndigen Datenschutzaufsichtsbeh\u00f6rde Beschwerde einzulegen. Die zust\u00e4ndige Beh\u00f6rde in Litauen ist die staatliche Datenschutzaufsichtsbeh\u00f6rde.<\/li>\n<\/ul>\n<p>F\u00fcr die Aus\u00fcbung Ihrer Rechte m\u00fcssen Sie keine Geb\u00fchren entrichten. Wir bem\u00fchen uns, alle berechtigten Anfragen im Rahmen dieser Datenschutzrichtlinie innerhalb eines Monats nach ihrem Eingang zu beantworten. In einigen F\u00e4llen (z. B. wenn die Angelegenheit besonders komplex ist oder wenn Sie uns mehrere Anfragen schicken) kann es l\u00e4nger als einen Monat dauern. In solchen F\u00e4llen werden wir Sie entsprechend informieren und auf dem Laufenden halten.<\/p>\n<p>Bitte kontaktieren Sie uns unter info@divaks.com, wenn Sie einen Antrag stellen m\u00f6chten.<\/p>\n<h3><strong>Privatsph\u00e4re von Kindern\u00a0<\/strong><\/h3>\n<p>Unser Service richtet sich nicht an Personen unter 14 Jahren. Wir sammeln nicht wissentlich personenbezogene Daten von Personen unter 14 Jahren. Wenn Sie ein Elternteil oder Erziehungsberechtigter sind und wissen, dass Ihr Kind uns personenbezogene Daten zur Verf\u00fcgung gestellt hat, kontaktieren Sie uns bitte.<\/p>\n<p>Wenn wir erfahren, dass wir personenbezogene Daten von Personen unter 14 Jahren ohne \u00dcberpr\u00fcfung der elterlichen Zustimmung erfasst haben, ergreifen wir Ma\u00dfnahmen, um diese Informationen von unseren Servern zu entfernen.<\/p>\n<h3><strong>Links zu anderen Websites\u00a0<\/strong><\/h3>\n<p>Unser Service kann Links zu anderen Websites enthalten, die nicht von uns betrieben werden. Wenn Sie auf einen Link einer dritten Partei klicken, werden Sie auf die Website dieser dritten Partei weitergeleitet. Wir empfehlen Ihnen dringend, die Datenschutz- und Cookie-Richtlinien jeder Website, die Sie besuchen, zu \u00fcberpr\u00fcfen.<\/p>\n<p>Wir haben keine Kontrolle \u00fcber und \u00fcbernehmen keine Verantwortung f\u00fcr die Inhalte, Datenschutzrichtlinien oder Praktiken von Websites oder Diensten Dritter.<\/p>\n<h3><strong>\u00c4nderungen an dieser Datenschutzrichtlinie<\/strong><\/h3>\n<p>Wir behalten uns das Recht vor, nach eigenem Ermessen jederzeit Teile dieser Datenschutzrichtlinie zu \u00e4ndern, zu modifizieren, hinzuzuf\u00fcgen und\/oder zu entfernen. Dar\u00fcber hinaus bem\u00fchen wir uns, die Richtlinie umgehend zu aktualisieren, wenn wir unsere Prozesse oder Praktiken wesentlich \u00e4ndern. Wir werden Sie \u00fcber alle \u00c4nderungen informieren, indem wir die neue Datenschutzrichtlinie auf dieser Seite ver\u00f6ffentlichen.<\/p>\n<p>Wir empfehlen Ihnen, diese Datenschutzrichtlinie regelm\u00e4\u00dfig auf \u00c4nderungen zu \u00fcberpr\u00fcfen. \u00c4nderungen an dieser Datenschutzrichtlinie treten in Kraft, sobald sie auf dieser Seite ver\u00f6ffentlicht werden.<\/p>\n<p>Wir hoffen, dass diese Datenschutzrichtlinie hilfreich war, um Ihnen darzulegen, wie wir mit Ihren pers\u00f6nlichen Daten umgehen und welche Rechte Sie haben, diese zu kontrollieren.<\/p>\n","protected":false},"excerpt":{"rendered":"<p>Zuletzt aktualisiert: 18. Februar 2025 Diese Datenschutz- und Cookie-Richtlinie (die \u201eDatenschutzrichtlinie\u201c) beantwortet die wichtigsten Fragen, die Sie m\u00f6glicherweise dazu haben, wie wir Informationen \u00fcber Sie (die \u201eSie\u201c) sammeln, verwenden und speichern. Au\u00dferdem erl\u00e4utern wir Ihre Rechte in Bezug auf die personenbezogenen Daten, die Sie uns zur Verf\u00fcgung stellen. Dies ist wichtig f\u00fcr Sie &#8211; bitte [&hellip;]<\/p>\n","protected":false},"author":1,"featured_media":0,"parent":0,"menu_order":0,"comment_status":"closed","ping_status":"closed","template":"page-default.php","meta":{"_acf_changed":false,"footnotes":""},"class_list":["post-1243","page","type-page","status-publish","hentry"],"acf":[],"_links":{"self":[{"href":"https:\/\/divaks.com\/de\/wp-json\/wp\/v2\/pages\/1243","targetHints":{"allow":["GET"]}}],"collection":[{"href":"https:\/\/divaks.com\/de\/wp-json\/wp\/v2\/pages"}],"about":[{"href":"https:\/\/divaks.com\/de\/wp-json\/wp\/v2\/types\/page"}],"author":[{"embeddable":true,"href":"https:\/\/divaks.com\/de\/wp-json\/wp\/v2\/users\/1"}],"replies":[{"embeddable":true,"href":"https:\/\/divaks.com\/de\/wp-json\/wp\/v2\/comments?post=1243"}],"version-history":[{"count":10,"href":"https:\/\/divaks.com\/de\/wp-json\/wp\/v2\/pages\/1243\/revisions"}],"predecessor-version":[{"id":2382,"href":"https:\/\/divaks.com\/de\/wp-json\/wp\/v2\/pages\/1243\/revisions\/2382"}],"wp:attachment":[{"href":"https:\/\/divaks.com\/de\/wp-json\/wp\/v2\/media?parent=1243"}],"curies":[{"name":"wp","href":"https:\/\/api.w.org\/{rel}","templated":true}]}}